{"id":301,"date":"2022-11-01T17:07:36","date_gmt":"2022-11-01T17:07:36","guid":{"rendered":"https:\/\/www.pain2punkt0.de\/smartQ\/?page_id=301"},"modified":"2022-11-10T16:41:06","modified_gmt":"2022-11-10T16:41:06","slug":"werden-sie-teil-des-pain2-0-netzwerks","status":"publish","type":"page","link":"https:\/\/www.pain2punkt0.de\/?page_id=301","title":{"rendered":"Werden Sie Teil des\u00a0PAIN2.0\u00a0Netzwerks!"},"content":{"rendered":"\t\t<div data-elementor-type=\"wp-page\" data-elementor-id=\"301\" class=\"elementor elementor-301\">\n\t\t\t\t\t\t<section class=\"elementor-section elementor-top-section elementor-element elementor-element-857a56b elementor-section-boxed elementor-section-height-default elementor-section-height-default\" data-id=\"857a56b\" data-element_type=\"section\" data-e-type=\"section\">\n\t\t\t\t\t\t<div class=\"elementor-container elementor-column-gap-default\">\n\t\t\t\t\t<div class=\"elementor-column elementor-col-100 elementor-top-column elementor-element elementor-element-fb5b3ff\" data-id=\"fb5b3ff\" data-element_type=\"column\" data-e-type=\"column\">\n\t\t\t<div class=\"elementor-widget-wrap elementor-element-populated\">\n\t\t\t\t\t\t<div class=\"elementor-element elementor-element-bad0498 elementor-widget elementor-widget-heading\" data-id=\"bad0498\" data-element_type=\"widget\" data-e-type=\"widget\" data-widget_type=\"heading.default\">\n\t\t\t\t<div class=\"elementor-widget-container\">\n\t\t\t\t\t<h2 class=\"elementor-heading-title elementor-size-default\">Werden Sie Teil\ndes\u00a0<span class=\"purple\">PAIN<\/span><span class=\"orange\">2.0<\/span>\u00a0Netzwerks!<\/h2>\t\t\t\t<\/div>\n\t\t\t\t<\/div>\n\t\t\t\t<div class=\"elementor-element elementor-element-31acbae body_text elementor-widget elementor-widget-text-editor\" data-id=\"31acbae\" data-element_type=\"widget\" data-e-type=\"widget\" data-widget_type=\"text-editor.default\">\n\t\t\t\t<div class=\"elementor-widget-container\">\n\t\t\t\t\t\t\t\t\t<p>Sie haben\u00a0<strong>PatientInnen<\/strong>, die \u2026<br \/>\u00a0<br \/>\u2026 mindestens 18 Jahre alt sind,<br \/>\u2026\u00a0gesetzlich krankenversichert sind,<br \/>\u2026 wiederkehrende Schmerzen von mehr als 6 Wochen oder h\u00e4ufig wiederkehrende Schmerzen aufweisen,<br \/>\u2026 sich in ihrer Lebensf\u00fchrung durch diese Schmerzen eingeschr\u00e4nkt f\u00fchlen und<br \/>\u2026 erste Anzeichen auf Risikofaktoren f\u00fcr eine Schmerzchronifizierung aufweisen.<\/p>\t\t\t\t\t\t\t\t<\/div>\n\t\t\t\t<\/div>\n\t\t\t\t<div class=\"elementor-element elementor-element-f71624f elementor-widget elementor-widget-heading\" data-id=\"f71624f\" data-element_type=\"widget\" data-e-type=\"widget\" data-widget_type=\"heading.default\">\n\t\t\t\t<div class=\"elementor-widget-container\">\n\t\t\t\t\t<h2 class=\"elementor-heading-title elementor-size-default\">Was\u00a0k\u00f6nnen\u00a0<span class=\"orange\">Sie<\/span>\u00a0tun?<\/h2>\t\t\t\t<\/div>\n\t\t\t\t<\/div>\n\t\t\t\t<div class=\"elementor-element elementor-element-191c99b body_text elementor-widget elementor-widget-text-editor\" data-id=\"191c99b\" data-element_type=\"widget\" data-e-type=\"widget\" data-widget_type=\"text-editor.default\">\n\t\t\t\t<div class=\"elementor-widget-container\">\n\t\t\t\t\t\t\t\t\t<p><span style=\"font-weight: 400;\">1.<\/span><b> <strong><span class=\"purple\">PAIN<\/span><span class=\"orange\">2.0<\/span><\/strong><\/b><span style=\"font-weight: 400;\"> Poster in Ihrer Praxis anbringen und\/oder Wartezimmer-Fragebogen auslegen .<br \/><\/span><span style=\"font-weight: 400;\">2. Sie\u00a0<\/span><b>pr\u00fcfen<\/b><span style=\"font-weight: 400;\">\u00a0die\u00a0<\/span><b>Ein- und Ausschlusskriterien <\/b><span style=\"font-weight: 400;\">(B4 und B5).<br \/><\/span><span style=\"font-weight: 400;\">3. Sie\u00a0<\/span><b>informieren<\/b><span style=\"font-weight: 400;\">\u00a0die PatientInnen kurz \u00fcber<\/span><span style=\"font-weight: 400;\"> <strong><span class=\"purple\">PAIN<\/span><span class=\"orange\">2.0<\/span><\/strong><\/span><b>.<br \/><\/b><span style=\"font-weight: 400;\">4. Sie \u00fcbergeben den PatientInnen einen Flyer + Kontaktdaten<br \/><\/span><span style=\"font-weight: 400;\">f\u00fcr Ihr regionales<\/span><span style=\"font-weight: 400;\"> <strong><span class=\"purple\">PAIN<\/span><span class=\"orange\">2.0<\/span><\/strong><\/span><span style=\"font-weight: 400;\">-Zentrum.<br \/><\/span>5. Sie geben die ausgef\u00fcllten Dokumente (B4 und B5) sowie alle relevanten Vorbefunde den PatientInnen mit.<\/p>\t\t\t\t\t\t\t\t<\/div>\n\t\t\t\t<\/div>\n\t\t\t\t<div class=\"elementor-element elementor-element-ebbd511 elementor-widget elementor-widget-heading\" data-id=\"ebbd511\" data-element_type=\"widget\" data-e-type=\"widget\" data-widget_type=\"heading.default\">\n\t\t\t\t<div class=\"elementor-widget-container\">\n\t\t\t\t\t<h2 class=\"elementor-heading-title elementor-size-default\">Ihre\u00a0<span class=\"orange\">Vorteile<\/span><\/h2>\t\t\t\t<\/div>\n\t\t\t\t<\/div>\n\t\t\t\t<div class=\"elementor-element elementor-element-f57163d body_text elementor-widget elementor-widget-text-editor\" data-id=\"f57163d\" data-element_type=\"widget\" data-e-type=\"widget\" data-widget_type=\"text-editor.default\">\n\t\t\t\t<div class=\"elementor-widget-container\">\n\t\t\t\t\t\t\t\t\t<p><span class=\"orange\">\u25aa<\/span>\u00a0(Fr\u00fchzeitiges) <span class=\"orange\">therapeutisches, ambulantes interdisziplin\u00e4res multimodales<br \/>Therapieangebot<\/span> f\u00fcr Ihre Patientinnen und Patienten mit Schmerzen<br \/><span class=\"orange\">\u25aa<\/span>\u00a0R\u00fcckmeldung mit einem <span class=\"orange\">ausf\u00fchrlichen Befundbericht<\/span> und ggf. weiteren<br \/>Empfehlungen f\u00fcr Ihre Patientinnen und Patienten<br \/><span class=\"orange\">\u25aa Enger Kontakt<\/span> zum schmerztherapeutischen <strong><span class=\"purple\">PAIN<\/span><span class=\"orange\">2.0 <\/span><\/strong>-Zentrum<br \/><span class=\"orange\">\u25aa Entwicklung und Pflege eines Netzwerks mit gegenseitigem Austausch<\/span><\/p>\t\t\t\t\t\t\t\t<\/div>\n\t\t\t\t<\/div>\n\t\t\t\t<div class=\"elementor-element elementor-element-359d385 elementor-widget elementor-widget-image\" data-id=\"359d385\" data-element_type=\"widget\" data-e-type=\"widget\" data-widget_type=\"image.default\">\n\t\t\t\t<div class=\"elementor-widget-container\">\n\t\t\t\t\t\t\t\t\t\t\t\t\t\t\t<img fetchpriority=\"high\" decoding=\"async\" width=\"380\" height=\"285\" src=\"https:\/\/www.pain2punkt0.de\/wp-content\/uploads\/2022\/11\/Bildschirmfoto-2022-11-07-um-14.33.17.png\" class=\"attachment-large size-large wp-image-900\" alt=\"\" srcset=\"https:\/\/www.pain2punkt0.de\/wp-content\/uploads\/2022\/11\/Bildschirmfoto-2022-11-07-um-14.33.17.png 380w, https:\/\/www.pain2punkt0.de\/wp-content\/uploads\/2022\/11\/Bildschirmfoto-2022-11-07-um-14.33.17-300x225.png 300w\" sizes=\"(max-width: 380px) 100vw, 380px\" \/>\t\t\t\t\t\t\t\t\t\t\t\t\t\t\t<\/div>\n\t\t\t\t<\/div>\n\t\t\t\t<div class=\"elementor-element elementor-element-4d41c59 elementor-widget elementor-widget-heading\" data-id=\"4d41c59\" data-element_type=\"widget\" data-e-type=\"widget\" data-widget_type=\"heading.default\">\n\t\t\t\t<div class=\"elementor-widget-container\">\n\t\t\t\t\t<h2 class=\"elementor-heading-title elementor-size-default\">Der Ablauf in\u00a0<span class=\"orange\">Ihrer Praxis <\/span>mit Screening<\/h2>\t\t\t\t<\/div>\n\t\t\t\t<\/div>\n\t\t\t\t<div class=\"elementor-element elementor-element-e1a2a71 elementor-widget elementor-widget-image\" data-id=\"e1a2a71\" data-element_type=\"widget\" data-e-type=\"widget\" data-widget_type=\"image.default\">\n\t\t\t\t<div class=\"elementor-widget-container\">\n\t\t\t\t\t\t\t\t\t\t\t\t\t\t\t<img decoding=\"async\" width=\"640\" height=\"481\" src=\"https:\/\/www.pain2punkt0.de\/wp-content\/uploads\/2022\/11\/Bildschirmfoto-2022-11-07-um-14.33.24.png\" class=\"attachment-large size-large wp-image-901\" alt=\"\" srcset=\"https:\/\/www.pain2punkt0.de\/wp-content\/uploads\/2022\/11\/Bildschirmfoto-2022-11-07-um-14.33.24.png 699w, https:\/\/www.pain2punkt0.de\/wp-content\/uploads\/2022\/11\/Bildschirmfoto-2022-11-07-um-14.33.24-300x225.png 300w\" sizes=\"(max-width: 640px) 100vw, 640px\" \/>\t\t\t\t\t\t\t\t\t\t\t\t\t\t\t<\/div>\n\t\t\t\t<\/div>\n\t\t\t\t\t<\/div>\n\t\t<\/div>\n\t\t\t\t\t<\/div>\n\t\t<\/section>\n\t\t\t\t<\/div>\n\t\t","protected":false},"excerpt":{"rendered":"<p>Werden Sie Teil des\u00a0PAIN2.0\u00a0Netzwerks! Sie haben\u00a0PatientInnen, die \u2026\u00a0\u2026 mindestens 18 Jahre alt sind,\u2026\u00a0gesetzlich krankenversichert sind,\u2026 wiederkehrende Schmerzen von mehr als 6 Wochen oder h\u00e4ufig wiederkehrende Schmerzen aufweisen,\u2026 sich in ihrer Lebensf\u00fchrung durch diese Schmerzen eingeschr\u00e4nkt f\u00fchlen und\u2026 erste Anzeichen auf Risikofaktoren f\u00fcr eine Schmerzchronifizierung aufweisen. Was\u00a0k\u00f6nnen\u00a0Sie\u00a0tun? 1. PAIN2.0 Poster in Ihrer Praxis anbringen und\/oder Wartezimmer-Fragebogen [&hellip;]<\/p>\n","protected":false},"author":1,"featured_media":0,"parent":0,"menu_order":0,"comment_status":"closed","ping_status":"closed","template":"","meta":{"footnotes":""},"class_list":["post-301","page","type-page","status-publish","hentry"],"_links":{"self":[{"href":"https:\/\/www.pain2punkt0.de\/index.php?rest_route=\/wp\/v2\/pages\/301","targetHints":{"allow":["GET"]}}],"collection":[{"href":"https:\/\/www.pain2punkt0.de\/index.php?rest_route=\/wp\/v2\/pages"}],"about":[{"href":"https:\/\/www.pain2punkt0.de\/index.php?rest_route=\/wp\/v2\/types\/page"}],"author":[{"embeddable":true,"href":"https:\/\/www.pain2punkt0.de\/index.php?rest_route=\/wp\/v2\/users\/1"}],"replies":[{"embeddable":true,"href":"https:\/\/www.pain2punkt0.de\/index.php?rest_route=%2Fwp%2Fv2%2Fcomments&post=301"}],"version-history":[{"count":0,"href":"https:\/\/www.pain2punkt0.de\/index.php?rest_route=\/wp\/v2\/pages\/301\/revisions"}],"wp:attachment":[{"href":"https:\/\/www.pain2punkt0.de\/index.php?rest_route=%2Fwp%2Fv2%2Fmedia&parent=301"}],"curies":[{"name":"wp","href":"https:\/\/api.w.org\/{rel}","templated":true}]}}