{"id":270,"date":"2022-11-01T16:53:15","date_gmt":"2022-11-01T16:53:15","guid":{"rendered":"https:\/\/www.pain2punkt0.de\/smartQ\/?page_id=270"},"modified":"2022-12-19T14:16:43","modified_gmt":"2022-12-19T14:16:43","slug":"unterstutzen-sie-uns","status":"publish","type":"page","link":"https:\/\/www.pain2punkt0.de\/?page_id=270","title":{"rendered":"Unterst\u00fctzen\u00a0Sie\u00a0uns!"},"content":{"rendered":"\t\t<div data-elementor-type=\"wp-page\" data-elementor-id=\"270\" class=\"elementor elementor-270\">\n\t\t\t\t\t\t<section class=\"elementor-section elementor-top-section elementor-element elementor-element-4c8cf76 elementor-section-boxed elementor-section-height-default elementor-section-height-default\" data-id=\"4c8cf76\" data-element_type=\"section\" data-e-type=\"section\">\n\t\t\t\t\t\t<div class=\"elementor-container elementor-column-gap-default\">\n\t\t\t\t\t<div class=\"elementor-column elementor-col-100 elementor-top-column elementor-element elementor-element-0082abd\" data-id=\"0082abd\" data-element_type=\"column\" data-e-type=\"column\">\n\t\t\t<div class=\"elementor-widget-wrap elementor-element-populated\">\n\t\t\t\t\t\t<div class=\"elementor-element elementor-element-14cb3cb elementor-widget elementor-widget-heading\" data-id=\"14cb3cb\" data-element_type=\"widget\" data-e-type=\"widget\" data-widget_type=\"heading.default\">\n\t\t\t\t<div class=\"elementor-widget-container\">\n\t\t\t\t\t<h2 class=\"elementor-heading-title elementor-size-default\">Unterst\u00fctzen\u00a0<span class=\"orange\">Sie<\/span>\u00a0uns!<\/h2>\t\t\t\t<\/div>\n\t\t\t\t<\/div>\n\t\t\t\t<div class=\"elementor-element elementor-element-5a781a4 elementor-widget elementor-widget-text-editor\" data-id=\"5a781a4\" data-element_type=\"widget\" data-e-type=\"widget\" data-widget_type=\"text-editor.default\">\n\t\t\t\t<div class=\"elementor-widget-container\">\n\t\t\t\t\t\t\t\t\t<p>Sie haben\u00a0<strong>PatientInnen<\/strong>, die \u2026<\/p><p>\u2026 mindestens 18 Jahre alt sind,<br \/>\u2026\u00a0gesetzlich krankenversichert sind,<br \/>\u2026 wiederkehrende Schmerzen von mehr als 6 Wochen oder h\u00e4ufig wiederkehrende Schmerzen aufweisen,<br \/>\u2026 sich in ihrer Lebensf\u00fchrung durch diese Schmerzen eingeschr\u00e4nkt f\u00fchlen und<br \/>\u2026 erste Anzeichen auf Risikofaktoren f\u00fcr eine Schmerzchronifizierung aufweisen.<\/p>\t\t\t\t\t\t\t\t<\/div>\n\t\t\t\t<\/div>\n\t\t\t\t<div class=\"elementor-element elementor-element-a01d839 elementor-widget elementor-widget-heading\" data-id=\"a01d839\" data-element_type=\"widget\" data-e-type=\"widget\" data-widget_type=\"heading.default\">\n\t\t\t\t<div class=\"elementor-widget-container\">\n\t\t\t\t\t<h2 class=\"elementor-heading-title elementor-size-default\">Was k\u00f6nnen\u00a0<span class=\"orange\">Sie<\/span>\u00a0tun?<\/h2>\t\t\t\t<\/div>\n\t\t\t\t<\/div>\n\t\t\t\t<div class=\"elementor-element elementor-element-68db67e body_text elementor-widget elementor-widget-text-editor\" data-id=\"68db67e\" data-element_type=\"widget\" data-e-type=\"widget\" data-widget_type=\"text-editor.default\">\n\t\t\t\t<div class=\"elementor-widget-container\">\n\t\t\t\t\t\t\t\t\t<p>1.\u00a0<strong><span class=\"purple\">PAIN<\/span><span class=\"orange\">2.0<\/span><\/strong> Poster in Ihrer Praxis anbringen und\/oder Wartezimmer-Fragebogen auslegen<br \/>2.\u00a0Ausgabe des Patientenflyers mit Kontaktdaten des\u00a0<strong><span class=\"purple\">PAIN<\/span><span class=\"orange\"> 2.0<\/span><\/strong>-Zentrums<\/p><h4><span style=\"font-weight: 400;\">(Ihr regionales <strong><span class=\"purple\">PAIN<\/span><span class=\"orange\">2.0<\/span><\/strong><\/span><span style=\"font-weight: 400;\">-Zentrum finden Sie <\/span><a href=\"https:\/\/www.pain2punkt0.de\/landkarte\/\"><span style=\"font-weight: 400;\">hier<\/span><\/a><span style=\"font-weight: 400;\">)<\/span><\/h4>\t\t\t\t\t\t\t\t<\/div>\n\t\t\t\t<\/div>\n\t\t\t\t\t<\/div>\n\t\t<\/div>\n\t\t\t\t\t<\/div>\n\t\t<\/section>\n\t\t\t\t<\/div>\n\t\t","protected":false},"excerpt":{"rendered":"<p>Unterst\u00fctzen\u00a0Sie\u00a0uns! Sie haben\u00a0PatientInnen, die \u2026 \u2026 mindestens 18 Jahre alt sind,\u2026\u00a0gesetzlich krankenversichert sind,\u2026 wiederkehrende Schmerzen von mehr als 6 Wochen oder h\u00e4ufig wiederkehrende Schmerzen aufweisen,\u2026 sich in ihrer Lebensf\u00fchrung durch diese Schmerzen eingeschr\u00e4nkt f\u00fchlen und\u2026 erste Anzeichen auf Risikofaktoren f\u00fcr eine Schmerzchronifizierung aufweisen. Was k\u00f6nnen\u00a0Sie\u00a0tun? 1.\u00a0PAIN2.0 Poster in Ihrer Praxis anbringen und\/oder Wartezimmer-Fragebogen auslegen2.\u00a0Ausgabe des [&hellip;]<\/p>\n","protected":false},"author":1,"featured_media":0,"parent":0,"menu_order":0,"comment_status":"closed","ping_status":"closed","template":"","meta":{"footnotes":""},"class_list":["post-270","page","type-page","status-publish","hentry"],"_links":{"self":[{"href":"https:\/\/www.pain2punkt0.de\/index.php?rest_route=\/wp\/v2\/pages\/270","targetHints":{"allow":["GET"]}}],"collection":[{"href":"https:\/\/www.pain2punkt0.de\/index.php?rest_route=\/wp\/v2\/pages"}],"about":[{"href":"https:\/\/www.pain2punkt0.de\/index.php?rest_route=\/wp\/v2\/types\/page"}],"author":[{"embeddable":true,"href":"https:\/\/www.pain2punkt0.de\/index.php?rest_route=\/wp\/v2\/users\/1"}],"replies":[{"embeddable":true,"href":"https:\/\/www.pain2punkt0.de\/index.php?rest_route=%2Fwp%2Fv2%2Fcomments&post=270"}],"version-history":[{"count":0,"href":"https:\/\/www.pain2punkt0.de\/index.php?rest_route=\/wp\/v2\/pages\/270\/revisions"}],"wp:attachment":[{"href":"https:\/\/www.pain2punkt0.de\/index.php?rest_route=%2Fwp%2Fv2%2Fmedia&parent=270"}],"curies":[{"name":"wp","href":"https:\/\/api.w.org\/{rel}","templated":true}]}}