{"id":1028,"date":"2022-11-10T16:11:24","date_gmt":"2022-11-10T16:11:24","guid":{"rendered":"https:\/\/www.pain2punkt0.de\/smartQ\/?page_id=1028"},"modified":"2022-12-25T04:15:09","modified_gmt":"2022-12-25T04:15:09","slug":"patientenfallbeispiele","status":"publish","type":"page","link":"https:\/\/www.pain2punkt0.de\/?page_id=1028","title":{"rendered":"Patientenfallbeispiele"},"content":{"rendered":"\t\t<div data-elementor-type=\"wp-page\" data-elementor-id=\"1028\" class=\"elementor elementor-1028\">\n\t\t\t\t\t\t<section class=\"elementor-section elementor-top-section elementor-element elementor-element-ee35862 elementor-section-full_width elementor-section-height-default elementor-section-height-default\" data-id=\"ee35862\" data-element_type=\"section\" data-e-type=\"section\">\n\t\t\t\t\t\t<div class=\"elementor-container elementor-column-gap-default\">\n\t\t\t\t\t<div class=\"elementor-column elementor-col-100 elementor-top-column elementor-element elementor-element-a524cfe\" data-id=\"a524cfe\" data-element_type=\"column\" data-e-type=\"column\">\n\t\t\t<div class=\"elementor-widget-wrap elementor-element-populated\">\n\t\t\t\t\t\t<div class=\"elementor-element elementor-element-d78fcfc elementor-widget elementor-widget-html\" data-id=\"d78fcfc\" data-element_type=\"widget\" data-e-type=\"widget\" data-widget_type=\"html.default\">\n\t\t\t\t<div class=\"elementor-widget-container\">\n\t\t\t\t\t<script>\r\njQuery(document).ready(function($) {\r\nvar delay = 100; setTimeout(function() {\r\n$('.elementor-tab-title:first').removeClass('elementor-active');\r\n $('.elementor-tab-content').css('display', 'none'); }, delay);\r\n});\r\n<\/script>\t\t\t\t<\/div>\n\t\t\t\t<\/div>\n\t\t\t\t<div class=\"elementor-element elementor-element-a34cd54 elementor-widget elementor-widget-heading\" data-id=\"a34cd54\" data-element_type=\"widget\" data-e-type=\"widget\" data-widget_type=\"heading.default\">\n\t\t\t\t<div class=\"elementor-widget-container\">\n\t\t\t\t\t<h2 class=\"elementor-heading-title elementor-size-default\">Patientenfallbeispiele <\/h2>\t\t\t\t<\/div>\n\t\t\t\t<\/div>\n\t\t\t\t<div class=\"elementor-element elementor-element-6fdc543 elementor-widget elementor-widget-accordion\" data-id=\"6fdc543\" data-element_type=\"widget\" data-e-type=\"widget\" data-widget_type=\"accordion.default\">\n\t\t\t\t<div class=\"elementor-widget-container\">\n\t\t\t\t\t\t\t<div class=\"elementor-accordion\">\n\t\t\t\t\t\t\t<div class=\"elementor-accordion-item\">\n\t\t\t\t\t<div id=\"elementor-tab-title-1171\" class=\"elementor-tab-title\" data-tab=\"1\" role=\"button\" aria-controls=\"elementor-tab-content-1171\" aria-expanded=\"false\">\n\t\t\t\t\t\t\t\t\t\t\t\t\t<span class=\"elementor-accordion-icon elementor-accordion-icon-right\" aria-hidden=\"true\">\n\t\t\t\t\t\t\t\t\t\t\t\t\t\t\t<span class=\"elementor-accordion-icon-closed\"><i class=\"fas fa-plus\"><\/i><\/span>\n\t\t\t\t\t\t\t\t<span class=\"elementor-accordion-icon-opened\"><i class=\"fas fa-minus\"><\/i><\/span>\n\t\t\t\t\t\t\t\t\t\t\t\t\t\t<\/span>\n\t\t\t\t\t\t\t\t\t\t\t\t<a class=\"elementor-accordion-title\" tabindex=\"0\">Beispiel 1<\/a>\n\t\t\t\t\t<\/div>\n\t\t\t\t\t<div id=\"elementor-tab-content-1171\" class=\"elementor-tab-content elementor-clearfix\" data-tab=\"1\" role=\"region\" aria-labelledby=\"elementor-tab-title-1171\"><p><span style=\"font-weight: 400;\">Frau G., 34 Jahre alt, arbeitet als Projektmanagerin in einem Stuttgarter Start-up-Unternehmen. Sie verrichtet ihre Arbeit gr\u00f6\u00dftenteils im Sitzen. Seit ca. 6 Monaten leidet sie unter Schulter-Nackenbeschwerden mit gelegentlicher Schmerzausstrahlung in den Arm. Frau G. berichtet zudem \u00fcber beruflich-bedingten Stress und hat bisher zwei Verordnungen f\u00fcr Physiotherapiema\u00dfnahmen mit nur m\u00e4\u00dfigem Erfolg verschrieben bekommen.<\/span><\/p><p><b>Aktuell:<\/b><span style=\"font-weight: 400;\">\u00a0Frau G. ist in der Praxis wegen eines Bagatelltraumas vorstellig und fragt erneut nach einer physiotherapeutischen Verordnung f\u00fcr Ihren Schulter-Nackenbereich sowie nach schmerzlindernden Medikamenten.<\/span><\/p><\/div>\n\t\t\t\t<\/div>\n\t\t\t\t\t\t\t<div class=\"elementor-accordion-item\">\n\t\t\t\t\t<div id=\"elementor-tab-title-1172\" class=\"elementor-tab-title\" data-tab=\"2\" role=\"button\" aria-controls=\"elementor-tab-content-1172\" aria-expanded=\"false\">\n\t\t\t\t\t\t\t\t\t\t\t\t\t<span class=\"elementor-accordion-icon elementor-accordion-icon-right\" aria-hidden=\"true\">\n\t\t\t\t\t\t\t\t\t\t\t\t\t\t\t<span class=\"elementor-accordion-icon-closed\"><i class=\"fas fa-plus\"><\/i><\/span>\n\t\t\t\t\t\t\t\t<span class=\"elementor-accordion-icon-opened\"><i class=\"fas fa-minus\"><\/i><\/span>\n\t\t\t\t\t\t\t\t\t\t\t\t\t\t<\/span>\n\t\t\t\t\t\t\t\t\t\t\t\t<a class=\"elementor-accordion-title\" tabindex=\"0\">Beispiel 2<\/a>\n\t\t\t\t\t<\/div>\n\t\t\t\t\t<div id=\"elementor-tab-content-1172\" class=\"elementor-tab-content elementor-clearfix\" data-tab=\"2\" role=\"region\" aria-labelledby=\"elementor-tab-title-1172\"><p><span style=\"font-weight: 400;\">Herr N., 58 Jahre alt, ist leidenschaftlicher Automechaniker aus K\u00f6ln. Er klagt zwei bis drei Mal j\u00e4hrlich \u00fcber R\u00fcckenschmerzen. Bisher hat sich Herr N. kaum krankschreiben lassen und sucht nur selten \u00e4rztlichen Rat auf (Praxisbesuche ca. 1 bis 2 Mal im Jahr).<\/span><\/p><p><b>Aktuell:<\/b><span style=\"font-weight: 400;\"> Herr N. sucht seinen Hausarzt auf und bittet um eine physiotherapeutische Verordnung und Medikamente<\/span>.<\/p><\/div>\n\t\t\t\t<\/div>\n\t\t\t\t\t\t\t<div class=\"elementor-accordion-item\">\n\t\t\t\t\t<div id=\"elementor-tab-title-1173\" class=\"elementor-tab-title\" data-tab=\"3\" role=\"button\" aria-controls=\"elementor-tab-content-1173\" aria-expanded=\"false\">\n\t\t\t\t\t\t\t\t\t\t\t\t\t<span class=\"elementor-accordion-icon elementor-accordion-icon-right\" aria-hidden=\"true\">\n\t\t\t\t\t\t\t\t\t\t\t\t\t\t\t<span class=\"elementor-accordion-icon-closed\"><i class=\"fas fa-plus\"><\/i><\/span>\n\t\t\t\t\t\t\t\t<span class=\"elementor-accordion-icon-opened\"><i class=\"fas fa-minus\"><\/i><\/span>\n\t\t\t\t\t\t\t\t\t\t\t\t\t\t<\/span>\n\t\t\t\t\t\t\t\t\t\t\t\t<a class=\"elementor-accordion-title\" tabindex=\"0\">Beispiel 3<\/a>\n\t\t\t\t\t<\/div>\n\t\t\t\t\t<div id=\"elementor-tab-content-1173\" class=\"elementor-tab-content elementor-clearfix\" data-tab=\"3\" role=\"region\" aria-labelledby=\"elementor-tab-title-1173\"><p><span style=\"font-weight: 400;\">Frau T., 28 Jahre alt und Mutter von 2 kleinen M\u00e4dchen, arbeitet als K\u00f6chin in einem Schweriner Restaurant. Sie k\u00e4mpft seit mehreren Jahren mit Migr\u00e4nekopfschmerzen, die sie bisher in Eigenregie mit freiverk\u00e4uflichen Analgetika behandelt hat.<\/span><\/p><p><b>Aktuell:<\/b><span style=\"font-weight: 400;\">\u00a0Frau T. hat einen Termin bei Ihrer Haus\u00e4rztin und bittet um Beratung und Behandlung ihrer Kopfschmerzen.<\/span><\/p><\/div>\n\t\t\t\t<\/div>\n\t\t\t\t\t\t\t<div class=\"elementor-accordion-item\">\n\t\t\t\t\t<div id=\"elementor-tab-title-1174\" class=\"elementor-tab-title\" data-tab=\"4\" role=\"button\" aria-controls=\"elementor-tab-content-1174\" aria-expanded=\"false\">\n\t\t\t\t\t\t\t\t\t\t\t\t\t<span class=\"elementor-accordion-icon elementor-accordion-icon-right\" aria-hidden=\"true\">\n\t\t\t\t\t\t\t\t\t\t\t\t\t\t\t<span class=\"elementor-accordion-icon-closed\"><i class=\"fas fa-plus\"><\/i><\/span>\n\t\t\t\t\t\t\t\t<span class=\"elementor-accordion-icon-opened\"><i class=\"fas fa-minus\"><\/i><\/span>\n\t\t\t\t\t\t\t\t\t\t\t\t\t\t<\/span>\n\t\t\t\t\t\t\t\t\t\t\t\t<a class=\"elementor-accordion-title\" tabindex=\"0\">Beispiel 4<\/a>\n\t\t\t\t\t<\/div>\n\t\t\t\t\t<div id=\"elementor-tab-content-1174\" class=\"elementor-tab-content elementor-clearfix\" data-tab=\"4\" role=\"region\" aria-labelledby=\"elementor-tab-title-1174\"><p><span style=\"font-weight: 400;\">Frau A., 66 Jahre, leidet seit einem Zeckenstich mit nachgewiesener Borreliose an Knieschmerzen. Diese Beschwerden besserten sich nach einer 4-w\u00f6chigen REHA-Behandlung. 5 Jahre war die Patientin nahezu schmerzfrei\/gemindert.<\/span><\/p><p><span style=\"font-weight: 400;\">Seit 1,5 Jahren jedoch treten die Knieschmerzen wieder st\u00e4rker in den Vordergrund. Mit Bitte um Unterst\u00fctzung bei Ver\u00e4nderungen von Lebensgewohnheiten wendet sich die Patientin an das PAIN2.0-Zentrum. Aufgrund der neuen Schmerzsymptomatik, fehlenden Hinweisen f\u00fcr eine Symptommanifestation und dem deutlichen Interesse der Patientin an funktionalen Eigenma\u00dfnahmen erfolgte die Aufnahme in PAIN2.0.<\/span><\/p><\/div>\n\t\t\t\t<\/div>\n\t\t\t\t\t\t\t<div class=\"elementor-accordion-item\">\n\t\t\t\t\t<div id=\"elementor-tab-title-1175\" class=\"elementor-tab-title\" data-tab=\"5\" role=\"button\" aria-controls=\"elementor-tab-content-1175\" aria-expanded=\"false\">\n\t\t\t\t\t\t\t\t\t\t\t\t\t<span class=\"elementor-accordion-icon elementor-accordion-icon-right\" aria-hidden=\"true\">\n\t\t\t\t\t\t\t\t\t\t\t\t\t\t\t<span class=\"elementor-accordion-icon-closed\"><i class=\"fas fa-plus\"><\/i><\/span>\n\t\t\t\t\t\t\t\t<span class=\"elementor-accordion-icon-opened\"><i class=\"fas fa-minus\"><\/i><\/span>\n\t\t\t\t\t\t\t\t\t\t\t\t\t\t<\/span>\n\t\t\t\t\t\t\t\t\t\t\t\t<a class=\"elementor-accordion-title\" tabindex=\"0\">Beispiel 5<\/a>\n\t\t\t\t\t<\/div>\n\t\t\t\t\t<div id=\"elementor-tab-content-1175\" class=\"elementor-tab-content elementor-clearfix\" data-tab=\"5\" role=\"region\" aria-labelledby=\"elementor-tab-title-1175\"><p><span style=\"font-weight: 400;\">Frau F., 44 Jahre, Angestellte im Verwaltungsbereich, berichtet von vor 8-9 Monaten pl\u00f6tzlich aufgetretenen Schmerzen im Bereich der Lendenwirbels\u00e4ule, vor allem bei Bewegung. Ein MRT nach 4 Monaten hat einen BSV jedoch ohne neuronale Beeintr\u00e4chtigung ergeben. Die Patientin wurde konservativ mit Physiotherapie und Schmerzmitteln behandelt. Steigerung der Schmerzmitteleinnahme mit zunehmenden Schmerz- und Stresslevel. Nach 9 Monaten stellt sich die Patientin mit Wunsch nach weiterer Therapie, zun\u00e4chst beim Hausarzt und dann im PAIN2.0-Zentrum, vor.<\/span><\/p><\/div>\n\t\t\t\t<\/div>\n\t\t\t\t\t\t\t\t<\/div>\n\t\t\t\t\t\t<\/div>\n\t\t\t\t<\/div>\n\t\t\t\t\t<\/div>\n\t\t<\/div>\n\t\t\t\t\t<\/div>\n\t\t<\/section>\n\t\t\t\t<\/div>\n\t\t","protected":false},"excerpt":{"rendered":"<p>Patientenfallbeispiele Beispiel 1 Frau G., 34 Jahre alt, arbeitet als Projektmanagerin in einem Stuttgarter Start-up-Unternehmen. Sie verrichtet ihre Arbeit gr\u00f6\u00dftenteils im Sitzen. Seit ca. 6 Monaten leidet sie unter Schulter-Nackenbeschwerden mit gelegentlicher Schmerzausstrahlung in den Arm. Frau G. berichtet zudem \u00fcber beruflich-bedingten Stress und hat bisher zwei Verordnungen f\u00fcr Physiotherapiema\u00dfnahmen mit nur m\u00e4\u00dfigem Erfolg verschrieben [&hellip;]<\/p>\n","protected":false},"author":1,"featured_media":0,"parent":0,"menu_order":0,"comment_status":"closed","ping_status":"closed","template":"","meta":{"footnotes":""},"class_list":["post-1028","page","type-page","status-publish","hentry"],"_links":{"self":[{"href":"https:\/\/www.pain2punkt0.de\/index.php?rest_route=\/wp\/v2\/pages\/1028","targetHints":{"allow":["GET"]}}],"collection":[{"href":"https:\/\/www.pain2punkt0.de\/index.php?rest_route=\/wp\/v2\/pages"}],"about":[{"href":"https:\/\/www.pain2punkt0.de\/index.php?rest_route=\/wp\/v2\/types\/page"}],"author":[{"embeddable":true,"href":"https:\/\/www.pain2punkt0.de\/index.php?rest_route=\/wp\/v2\/users\/1"}],"replies":[{"embeddable":true,"href":"https:\/\/www.pain2punkt0.de\/index.php?rest_route=%2Fwp%2Fv2%2Fcomments&post=1028"}],"version-history":[{"count":0,"href":"https:\/\/www.pain2punkt0.de\/index.php?rest_route=\/wp\/v2\/pages\/1028\/revisions"}],"wp:attachment":[{"href":"https:\/\/www.pain2punkt0.de\/index.php?rest_route=%2Fwp%2Fv2%2Fmedia&parent=1028"}],"curies":[{"name":"wp","href":"https:\/\/api.w.org\/{rel}","templated":true}]}}