{"id":1026,"date":"2022-11-10T16:11:07","date_gmt":"2022-11-10T16:11:07","guid":{"rendered":"https:\/\/www.pain2punkt0.de\/smartQ\/?page_id=1026"},"modified":"2022-12-25T04:07:41","modified_gmt":"2022-12-25T04:07:41","slug":"informations","status":"publish","type":"page","link":"https:\/\/www.pain2punkt0.de\/?page_id=1026","title":{"rendered":"Informations"},"content":{"rendered":"\t\t<div data-elementor-type=\"wp-page\" data-elementor-id=\"1026\" class=\"elementor elementor-1026\">\n\t\t\t\t\t\t<section class=\"elementor-section elementor-top-section elementor-element elementor-element-6d1b8f0 elementor-section-full_width elementor-section-height-default elementor-section-height-default\" data-id=\"6d1b8f0\" data-element_type=\"section\" data-e-type=\"section\">\n\t\t\t\t\t\t<div class=\"elementor-container elementor-column-gap-default\">\n\t\t\t\t\t<div class=\"elementor-column elementor-col-100 elementor-top-column elementor-element elementor-element-34f9314\" data-id=\"34f9314\" data-element_type=\"column\" data-e-type=\"column\">\n\t\t\t<div class=\"elementor-widget-wrap elementor-element-populated\">\n\t\t\t\t\t\t<div class=\"elementor-element elementor-element-6d7e6d3 elementor-widget elementor-widget-heading\" data-id=\"6d7e6d3\" data-element_type=\"widget\" data-e-type=\"widget\" data-widget_type=\"heading.default\">\n\t\t\t\t<div class=\"elementor-widget-container\">\n\t\t\t\t\t<h2 class=\"elementor-heading-title elementor-size-default\">Informations- und Dokumentationsunterlagen<\/h2>\t\t\t\t<\/div>\n\t\t\t\t<\/div>\n\t\t\t\t<div class=\"elementor-element elementor-element-fee7ddf elementor-widget elementor-widget-text-editor\" data-id=\"fee7ddf\" data-element_type=\"widget\" data-e-type=\"widget\" data-widget_type=\"text-editor.default\">\n\t\t\t\t<div class=\"elementor-widget-container\">\n\t\t\t\t\t\t\t\t\t<p>Die in der Allgemeinen Information f\u00fcr <span class=\"orange\" style=\"text-decoration: underline;\">kooperierende \u00c4rzte und \u00c4rztinnen (<a href=\"https:\/\/www.pain2punkt0.de\/wp-content\/uploads\/2022\/12\/A2_Information-fur-kooperierende-Arzte-und-Arztinnen.pdf\">A2<\/a>)<\/span> <span style=\"font-weight: 400;\">genannten Dokumente stehen Ihnen hier zum Download bereit.<\/span><\/p><ul><li style=\"list-style-type: none;\"><ul><li style=\"font-weight: 400;\" aria-level=\"1\"><span style=\"font-weight: 400;\"><span class=\"orange\" style=\"text-decoration: underline;\">Flyer f\u00fcr kooperierende \u00c4rzte und \u00c4rztinnen<\/span><span style=\"font-weight: 400;\"><br \/><\/span><i><span style=\"font-weight: 400;\">Der Flyer dient Ihrer Information.<\/span><\/i><\/span><\/li><li style=\"font-weight: 400;\" aria-level=\"1\"><span style=\"font-weight: 400;\"><span class=\"orange\" style=\"text-decoration: underline;\">Flyer f\u00fcr Patienten und Patientinnen<\/span><span style=\"font-weight: 400;\"><br \/><\/span><i><span style=\"font-weight: 400;\">Der Flyer dient der Information (Ihrer) PatientInnen.<\/span><\/i><\/span><\/li><li style=\"font-weight: 400;\" aria-level=\"1\"><span class=\"orange\" style=\"text-decoration: underline;\">Wartezimmer-Fragebogen<\/span><span style=\"font-weight: 400;\"><br \/><\/span><i><span style=\"font-weight: 400;\">Diesen Fragebogen k\u00f6nnen Sie im Wartezimmer auslegen, um PatientInnen auf PAIN2.0 aufmerksam zu machen.<\/span><\/i><\/li><li style=\"font-weight: 400;\" aria-level=\"1\"><span class=\"orange\" style=\"text-decoration: underline;\">Checkliste f\u00fcr Teilnahme in PAIN2.0 (A3)<\/span><span style=\"font-weight: 400;\"><br \/><\/span><i><span style=\"font-weight: 400;\">Die Checkliste k\u00f6nnen Sie zum Vorab-Screening (z.B. f\u00fcr MFAs) der PatientInnen nutzen.<\/span><\/i><span style=\"font-weight: 400;\">\u00a0<\/span><\/li><li style=\"font-weight: 400;\" aria-level=\"1\"><span class=\"orange\" style=\"text-decoration: underline;\">Fragebogen f\u00fcr PatientInnen mit l\u00e4nger anhaltenden Schmerzen (B4), <\/span><i><span style=\"font-weight: 400;\">optional<\/span><\/i><span style=\"font-weight: 400;\"><br \/><\/span><i><span style=\"font-weight: 400;\">Fragebogen, der bei &gt;\/= 3 \u201eja\u201c-Angaben auf Risikofaktoren f\u00fcr eine Chronifizierung hinweist und Teil der Einschlusskriterien in PAIN2.0 darstellt.<\/span><\/i><\/li><li aria-level=\"1\"><span class=\"orange\" style=\"text-decoration: underline;\">Aufnahmebogen A-IMA und PAIN2.0 (B5), optional<\/span><br \/>Kann f\u00fcr die Pr\u00fcfung der Ein- und Ausschlusskriterien in PAIN2.0 genutzt werden.<\/li><li><span class=\"orange\" style=\"text-decoration: underline;\">Zuweisung zum Informationstermin (A8)<\/span><br \/>Diese Vorlage dient dazu, die Kontaktdaten der PatientInnen (+ ggf. relevante Vorbefunde) an das n\u00e4chste PAIN2.0-Zentrum weiterzuleiten.<\/li><\/ul><\/li><\/ul><p><span style=\"font-weight: 400;\">Hinweis zu den Dokumenten: <\/span><span style=\"font-weight: 400;\">Sie k\u00f6nnen sich (1) die Dokumente als PDF herunterladen und selbst ausdrucken und\/oder (2) mit Ihrem regionalen PAIN2.0-Zentrum in Kontakt treten und sich die Dokumente zuschicken lassen.<\/span><\/p>\t\t\t\t\t\t\t\t<\/div>\n\t\t\t\t<\/div>\n\t\t\t\t\t<\/div>\n\t\t<\/div>\n\t\t\t\t\t<\/div>\n\t\t<\/section>\n\t\t\t\t<\/div>\n\t\t","protected":false},"excerpt":{"rendered":"<p>Informations- und Dokumentationsunterlagen Die in der Allgemeinen Information f\u00fcr kooperierende \u00c4rzte und \u00c4rztinnen (A2) genannten Dokumente stehen Ihnen hier zum Download bereit. Flyer f\u00fcr kooperierende \u00c4rzte und \u00c4rztinnenDer Flyer dient Ihrer Information. Flyer f\u00fcr Patienten und PatientinnenDer Flyer dient der Information (Ihrer) PatientInnen. Wartezimmer-FragebogenDiesen Fragebogen k\u00f6nnen Sie im Wartezimmer auslegen, um PatientInnen auf PAIN2.0 aufmerksam [&hellip;]<\/p>\n","protected":false},"author":1,"featured_media":0,"parent":0,"menu_order":0,"comment_status":"closed","ping_status":"closed","template":"","meta":{"footnotes":""},"class_list":["post-1026","page","type-page","status-publish","hentry"],"_links":{"self":[{"href":"https:\/\/www.pain2punkt0.de\/index.php?rest_route=\/wp\/v2\/pages\/1026","targetHints":{"allow":["GET"]}}],"collection":[{"href":"https:\/\/www.pain2punkt0.de\/index.php?rest_route=\/wp\/v2\/pages"}],"about":[{"href":"https:\/\/www.pain2punkt0.de\/index.php?rest_route=\/wp\/v2\/types\/page"}],"author":[{"embeddable":true,"href":"https:\/\/www.pain2punkt0.de\/index.php?rest_route=\/wp\/v2\/users\/1"}],"replies":[{"embeddable":true,"href":"https:\/\/www.pain2punkt0.de\/index.php?rest_route=%2Fwp%2Fv2%2Fcomments&post=1026"}],"version-history":[{"count":0,"href":"https:\/\/www.pain2punkt0.de\/index.php?rest_route=\/wp\/v2\/pages\/1026\/revisions"}],"wp:attachment":[{"href":"https:\/\/www.pain2punkt0.de\/index.php?rest_route=%2Fwp%2Fv2%2Fmedia&parent=1026"}],"curies":[{"name":"wp","href":"https:\/\/api.w.org\/{rel}","templated":true}]}}