{"id":1021,"date":"2022-11-10T16:10:19","date_gmt":"2022-11-10T16:10:19","guid":{"rendered":"https:\/\/www.pain2punkt0.de\/smartQ\/?page_id=1021"},"modified":"2022-11-14T21:26:26","modified_gmt":"2022-11-14T21:26:26","slug":"datenschutzerklarung","status":"publish","type":"page","link":"https:\/\/www.pain2punkt0.de\/?page_id=1021","title":{"rendered":"Datenschutzerkl\u00e4rung"},"content":{"rendered":"\t\t<div data-elementor-type=\"wp-page\" data-elementor-id=\"1021\" class=\"elementor elementor-1021\">\n\t\t\t\t\t\t<section class=\"elementor-section elementor-top-section elementor-element elementor-element-be4cf94 elementor-section-full_width elementor-section-height-default elementor-section-height-default\" data-id=\"be4cf94\" data-element_type=\"section\" data-e-type=\"section\">\n\t\t\t\t\t\t<div class=\"elementor-container elementor-column-gap-default\">\n\t\t\t\t\t<div class=\"elementor-column elementor-col-100 elementor-top-column elementor-element elementor-element-2bb46da\" data-id=\"2bb46da\" data-element_type=\"column\" data-e-type=\"column\">\n\t\t\t<div class=\"elementor-widget-wrap elementor-element-populated\">\n\t\t\t\t\t\t<div class=\"elementor-element elementor-element-1aa7731 elementor-widget elementor-widget-text-editor\" data-id=\"1aa7731\" data-element_type=\"widget\" data-e-type=\"widget\" data-widget_type=\"text-editor.default\">\n\t\t\t\t<div class=\"elementor-widget-container\">\n\t\t\t\t\t\t\t\t\t<section class=\"content\">\n            \n<div id=\"c3697\" class=\"frame frame-default frame-type-text frame-layout-0\"><h2 class=\"\">\n\t\t\t\t Datenschutzerkl\u00e4rung\n\t\t\t<\/h2><p><strong>\u00a7 1 Information \u00fcber die Erhebung personenbezogener Daten<\/strong><br>\n (1) Im Folgenden informieren wir \u00fcber die Erhebung personenbezogener \nDaten bei Nutzung unserer Website. Personenbezogene Daten sind alle \nDaten, die auf Sie pers\u00f6nlich beziehbar sind, z. B. Name, Adresse, \nE-Mail-Adressen, Nutzerverhalten.<br> (2) Verantwortlicher gem. Artikel 4 Absatz 7 EU-Datenschutz-Grundverordnung (DS-GVO) ist<br><br> Deutsche Schmerzgesellschaft e. V.<br> Bundesgesch\u00e4ftsstelle<br> Alt-Moabit 101b<br> 10559 Berlin<br><a href=\"mailto:info@Schmerzgesellschaft.de\">info@Schmerzgesellschaft.de<\/a><br><br> Unseren Datenschutzbeauftragten erreichen Sie unter<br><br> Dietmar G\u00e4tcke<br> Kontakt: <a href=\"https:\/\/dsbplus.de\/kontakt.htm\" title=\"Opens external link in new window\" target=\"_blank\" class=\"external-link-new-window\">https:\/\/dsbplus.de\/kontakt.htm<\/a><br><br> oder unserer Postadresse mit dem Zusatz \u201eder Datenschutzbeauftragte\u201c.<br>\n (3) Bei Ihrer Kontaktaufnahme mit uns per E-Mail oder \u00fcber ein \nKontaktformular werden die von Ihnen mitgeteilten Daten (Ihre \nE-Mail-Adresse, ggf. Ihr Name und Ihre Telefonnummer) von uns \ngespeichert, um Ihre Fragen zu beantworten. Die in diesem Zusammenhang \nanfallenden Daten l\u00f6schen wir, nachdem die Speicherung nicht mehr \nerforderlich ist, oder schr\u00e4nken die Verarbeitung ein, falls gesetzliche\n Aufbewahrungspflichten bestehen.<br> (4) Falls wir f\u00fcr einzelne \nFunktionen unseres Angebots auf beauftragte Dienstleister zur\u00fcckgreifen \noder Ihre Daten f\u00fcr werbliche Zwecke nutzen m\u00f6chten, werden wir Sie \nuntenstehend im Detail \u00fcber die jeweiligen Vorg\u00e4nge informieren. Dabei \nnennen wir auch die festgelegten Kriterien der Speicherdauer.<br><br><strong>\u00a7 2 Ihre Rechte<\/strong><br> (1) Sie haben gegen\u00fcber uns folgende Rechte hinsichtlich der Sie betreffenden personenbezogenen Daten:<br> \u2013&nbsp;&nbsp;&nbsp; &nbsp;Recht auf Auskunft,<br> \u2013&nbsp;&nbsp;&nbsp; &nbsp;Recht auf Berichtigung oder L\u00f6schung,<br> \u2013&nbsp;&nbsp;&nbsp; &nbsp;Recht auf Einschr\u00e4nkung der Verarbeitung,<br> \u2013&nbsp;&nbsp;&nbsp; &nbsp;Recht auf Widerspruch gegen die Verarbeitung,<br> \u2013&nbsp;&nbsp;&nbsp; &nbsp;Recht auf Daten\u00fcbertragbarkeit.<br>\n (2) Sie haben zudem das Recht, sich bei einer \nDatenschutz-Aufsichtsbeh\u00f6rde \u00fcber die Verarbeitung Ihrer \npersonenbezogenen Daten durch uns zu beschweren:<br><br> Berliner Beauftragte f\u00fcr Datenschutz und Informationsfreiheit<br> Friedrichstr. 219<br> 10969 Berlin<br> Telefon: 030 13889-0<br> Telefax: 030 2155050<br> E-Mail: <a href=\"mailto:mailbox@datenschutz-berlin.de\">mailbox@datenschutz-berlin.de<\/a><br> Homepage: <a href=\"https:\/\/datenschutz-berlin.de\/index.html\" title=\"Opens external link in new window\" target=\"_blank\" class=\"external-link-new-window\">https:\/\/datenschutz-berlin.de\/index.html<\/a><br><br><strong>\u00a7 3 Erhebung personenbezogener Daten bei Besuch unserer Website<\/strong><br>\n (1)&nbsp;&nbsp;&nbsp; Bei der blo\u00df informatorischen Nutzung der Website, also wenn Sie\n sich nicht registrieren oder uns anderweitig Informationen \u00fcbermitteln,\n erheben wir nur die personenbezogenen Daten, die Ihr Browser an unseren\n Server \u00fcbermittelt. Wenn Sie unsere Website betrachten m\u00f6chten, erheben\n wir die folgenden Daten, die f\u00fcr uns technisch erforderlich sind, um \nIhnen unsere Website anzuzeigen und die Stabilit\u00e4t und Sicherheit zu \ngew\u00e4hrleisten. Rechtsgrundlage hierf\u00fcr ist Artikel 6 Absatz 1 Satz 1 \nBuchstabe f DS-GVO.<br> Es handelt sich hierbei um die folgenden Daten:<br><br> \u2013&nbsp;&nbsp;&nbsp; &nbsp;IP-Adresse<br> \u2013&nbsp;&nbsp;&nbsp; &nbsp;Datum und Uhrzeit der Anfrage<br> \u2013&nbsp;&nbsp;&nbsp; &nbsp;Zeitzonendifferenz zur Greenwich Mean Time (GMT)<br> \u2013&nbsp;&nbsp;&nbsp; &nbsp;Inhalt der Anforderung (konkrete Seite)<br> \u2013&nbsp;&nbsp;&nbsp; &nbsp;Zugriffsstatus\/HTTP-Statuscode<br> \u2013&nbsp;&nbsp;&nbsp; &nbsp;jeweils \u00fcbertragene Datenmenge<br> \u2013&nbsp;&nbsp;&nbsp; &nbsp;Website, von der die Anforderung kommt<br> \u2013&nbsp;&nbsp;&nbsp; &nbsp;Browser<br> \u2013&nbsp;&nbsp;&nbsp; &nbsp;Betriebssystem und dessen Oberfl\u00e4che<br> \u2013&nbsp;&nbsp;&nbsp; &nbsp;Sprache und Version der Browsersoftware.<br><br>\n (2) Zus\u00e4tzlich zu den zuvor genannten Daten werden bei Ihrer Nutzung \nunserer Website Cookies auf Ihrem Rechner gespeichert. Bei Cookies \nhandelt es sich um kleine Textdateien, die auf Ihrer Festplatte dem von \nIhnen verwendeten Browser zugeordnet gespeichert werden und durch welche\n der entsprechenden Stelle, die den Cookie setzt (hier durch uns), \nbestimmte Informationen zuflie\u00dfen. Cookies k\u00f6nnen keine Programme \nausf\u00fchren oder Viren auf Ihren Computer \u00fcbertragen. Sie dienen dazu, das\n Internetangebot insgesamt nutzerfreundlicher und effektiver zu machen.<br><br><br> (3) Einsatz von Cookies:<br> a)&nbsp;&nbsp;&nbsp; &nbsp;Diese Website nutzt folgende Arten von Cookies, deren Umfang und Funktionsweise im Folgenden erl\u00e4utert werden:<br> \u2013&nbsp;&nbsp;&nbsp; &nbsp;Transiente Cookies (dazu b)<br> \u2013&nbsp;&nbsp;&nbsp; &nbsp;Persistente Cookies (dazu c)<br><br>\n b)&nbsp;&nbsp;&nbsp; &nbsp;Transiente Cookies werden automatisiert gel\u00f6scht, wenn Sie den \nBrowser schlie\u00dfen. Dazu z\u00e4hlen insbesondere die Session-Cookies. Diese \nspeichern eine sogenannte Session-ID, mit welcher sich verschiedene \nAnfragen Ihres Browsers der gemeinsamen Sitzung zuordnen lassen. Dadurch\n kann Ihr Rechner wiedererkannt werden, wenn Sie auf unsere Website \nzur\u00fcckkehren. Die Session-Cookies werden gel\u00f6scht, wenn Sie sich \nausloggen oder den Browser schlie\u00dfen.<br> c)&nbsp;&nbsp;&nbsp; &nbsp;Persistente Cookies \nwerden automatisiert nach einer vorgegebenen Dauer gel\u00f6scht, die sich je\n nach Cookie unterscheiden kann. Sie k\u00f6nnen die Cookies in den \nSicherheitseinstellungen Ihres Browsers jederzeit l\u00f6schen.<br> d)&nbsp;&nbsp;&nbsp; \n&nbsp;Sie k\u00f6nnen Ihre Browser-Einstellung entsprechend Ihren W\u00fcnschen \nkonfigurieren und z. B. die Annahme von Third-Party-Cookies oder allen \nCookies ablehnen. Wir weisen Sie darauf hin, dass Sie eventuell nicht \nalle Funktionen dieser Website nutzen k\u00f6nnen.<br> e)&nbsp;&nbsp;&nbsp; &nbsp;Wir setzen \nCookies ein, um Sie f\u00fcr Folgebesuche identifizieren zu k\u00f6nnen, falls Sie\n \u00fcber einen Account bei uns verf\u00fcgen. Andernfalls m\u00fcssten Sie sich f\u00fcr \njeden Besuch erneut einloggen.<br><br><strong>\u00a7 4 Weitere Funktionen und Angebote unserer Website<\/strong><br>\n (1) Neben der rein informatorischen Nutzung unserer Website bieten wir \nverschiedene Leistungen an, die Sie bei Interesse nutzen k\u00f6nnen. Dazu \nm\u00fcssen Sie in der Regel weitere personenbezogene Daten angeben, die wir \nzur Erbringung der jeweiligen Leistung nutzen und f\u00fcr die die zuvor \ngenannten Grunds\u00e4tze zur Datenverarbeitung gelten.<br> (2) Teilweise \nbedienen wir uns zur Verarbeitung Ihrer Daten externer Dienstleister. \nDiese wurden von uns sorgf\u00e4ltig ausgew\u00e4hlt und beauftragt, sind an \nunsere Weisungen gebunden und werden regelm\u00e4\u00dfig kontrolliert.<br> (3) \nWeiterhin k\u00f6nnen wir Ihre personenbezogenen Daten an Dritte weitergeben,\n wenn Aktionsteilnahmen, Gewinnspiele, Vertragsabschl\u00fcsse oder \u00e4hnliche \nLeistungen von uns gemeinsam mit Partnern angeboten werden. N\u00e4here \nInformationen hierzu erhalten Sie bei Angabe Ihrer personenbezogenen \nDaten oder untenstehend in der Beschreibung des Angebotes.<br> (4) \nSoweit unsere Dienstleister oder Partner ihren Sitz in einem Staat \nau\u00dferhalb des Europ\u00e4ischen Wirtschaftsraumen (EWR) haben, informieren \nwir Sie \u00fcber die Folgen dieses Umstands in der Beschreibung des \nAngebotes.<br><br><strong>\u00a7 5 Widerspruch oder Widerruf gegen die Verarbeitung Ihrer Daten<\/strong><br>\n (1) Falls Sie eine Einwilligung zur Verarbeitung Ihrer Daten erteilt \nhaben, k\u00f6nnen Sie diese jederzeit widerrufen. Ein solcher Widerruf \nbeeinflusst die Zul\u00e4ssigkeit der Verarbeitung Ihrer personenbezogenen \nDaten, nachdem Sie ihn gegen\u00fcber uns ausgesprochen haben. Die \nRechtm\u00e4\u00dfigkeit der aufgrund der Einwilligung bis zum Widerruf erfolgten \nDatenverarbeitung bleibt vom Widerruf unber\u00fchrt.<br> (2) Soweit wir die \nVerarbeitung Ihrer personenbezogenen Daten auf die Interessenabw\u00e4gung \nst\u00fctzen, k\u00f6nnen Sie Widerspruch gegen die Verarbeitung einlegen. Dies \nist der Fall, wenn die Verarbeitung insbesondere nicht zur Erf\u00fcllung \neines Vertrags mit Ihnen erforderlich ist, was von uns jeweils bei der \nnachfolgenden Beschreibung der Funktionen dargestellt wird. Bei Aus\u00fcbung\n eines solchen Widerspruchs bitten wir um Darlegung der Gr\u00fcnde, weshalb \nwir Ihre personenbezogenen Daten nicht wie von uns durchgef\u00fchrt \nverarbeiten sollten. Im Falle Ihres begr\u00fcndeten Widerspruchs pr\u00fcfen wir \ndie Sachlage und werden entweder die Datenverarbeitung einstellen bzw. \nanpassen oder Ihnen unsere zwingenden schutzw\u00fcrdigen Gr\u00fcnde aufzeigen, \naufgrund derer wir die Verarbeitung fortf\u00fchren.<br> (3) \nSelbstverst\u00e4ndlich k\u00f6nnen Sie der Verarbeitung Ihrer personenbezogenen \nDaten f\u00fcr Zwecke der Werbung und Datenanalyse jederzeit widersprechen. \n\u00dcber Ihren Werbewiderspruch k\u00f6nnen Sie uns unter folgenden Kontaktdaten \ninformieren:<br><br> Deutsche Schmerzgesellschaft e. V.<br> Datenschutzbeauftragter<br> Alt-Moabit 101b<br> 10559 Berlin<br><a href=\"mailto:info@dsbplus.de\">info@dsbplus.de<\/a><\/p><\/div>\n\n\n        <\/section><p><\/p>\t\t\t\t\t\t\t\t<\/div>\n\t\t\t\t<\/div>\n\t\t\t\t\t<\/div>\n\t\t<\/div>\n\t\t\t\t\t<\/div>\n\t\t<\/section>\n\t\t\t\t<\/div>\n\t\t","protected":false},"excerpt":{"rendered":"<p>Datenschutzerkl\u00e4rung \u00a7 1 Information \u00fcber die Erhebung personenbezogener Daten (1) Im Folgenden informieren wir \u00fcber die Erhebung personenbezogener Daten bei Nutzung unserer Website. Personenbezogene Daten sind alle Daten, die auf Sie pers\u00f6nlich beziehbar sind, z. B. Name, Adresse, E-Mail-Adressen, Nutzerverhalten. (2) Verantwortlicher gem. Artikel 4 Absatz 7 EU-Datenschutz-Grundverordnung (DS-GVO) ist Deutsche Schmerzgesellschaft e. V. Bundesgesch\u00e4ftsstelle [&hellip;]<\/p>\n","protected":false},"author":1,"featured_media":0,"parent":0,"menu_order":0,"comment_status":"closed","ping_status":"closed","template":"","meta":{"footnotes":""},"class_list":["post-1021","page","type-page","status-publish","hentry"],"_links":{"self":[{"href":"https:\/\/www.pain2punkt0.de\/index.php?rest_route=\/wp\/v2\/pages\/1021","targetHints":{"allow":["GET"]}}],"collection":[{"href":"https:\/\/www.pain2punkt0.de\/index.php?rest_route=\/wp\/v2\/pages"}],"about":[{"href":"https:\/\/www.pain2punkt0.de\/index.php?rest_route=\/wp\/v2\/types\/page"}],"author":[{"embeddable":true,"href":"https:\/\/www.pain2punkt0.de\/index.php?rest_route=\/wp\/v2\/users\/1"}],"replies":[{"embeddable":true,"href":"https:\/\/www.pain2punkt0.de\/index.php?rest_route=%2Fwp%2Fv2%2Fcomments&post=1021"}],"version-history":[{"count":0,"href":"https:\/\/www.pain2punkt0.de\/index.php?rest_route=\/wp\/v2\/pages\/1021\/revisions"}],"wp:attachment":[{"href":"https:\/\/www.pain2punkt0.de\/index.php?rest_route=%2Fwp%2Fv2%2Fmedia&parent=1021"}],"curies":[{"name":"wp","href":"https:\/\/api.w.org\/{rel}","templated":true}]}}